{"id":1590,"date":"2022-11-04T16:22:31","date_gmt":"2022-11-04T16:22:31","guid":{"rendered":"https:\/\/constanzequartet.com\/home\/?page_id=1590"},"modified":"2025-09-04T09:20:25","modified_gmt":"2025-09-04T09:20:25","slug":"bio_es-2","status":"publish","type":"page","link":"https:\/\/constanzequartet.com\/home\/es\/bio_es-2\/","title":{"rendered":"Bio_Es"},"content":{"rendered":"\t\t<div data-elementor-type=\"wp-page\" data-elementor-id=\"1590\" class=\"elementor elementor-1590\" data-elementor-post-type=\"page\">\n\t\t\t\t\t\t<section class=\"elementor-section elementor-top-section elementor-element elementor-element-664fd096 elementor-section-full_width elementor-section-height-min-height elementor-section-items-stretch elementor-section-content-top elementor-section-height-default\" data-id=\"664fd096\" data-element_type=\"section\" data-settings=\"{&quot;background_background&quot;:&quot;gradient&quot;}\">\n\t\t\t\t\t\t\t<div class=\"elementor-background-overlay\"><\/div>\n\t\t\t\t\t\t\t<div class=\"elementor-container elementor-column-gap-default\">\n\t\t\t\t\t<div class=\"elementor-column elementor-col-100 elementor-top-column elementor-element elementor-element-559232ca\" data-id=\"559232ca\" data-element_type=\"column\">\n\t\t\t<div class=\"elementor-widget-wrap elementor-element-populated\">\n\t\t\t\t\t\t<div class=\"elementor-element elementor-element-10950025 elementor-nav-menu__align-center elementor-nav-menu--stretch elementor-nav-menu__text-align-center elementor-fixed elementor-nav-menu--dropdown-tablet elementor-nav-menu--toggle elementor-nav-menu--burger elementor-widget elementor-widget-nav-menu\" data-id=\"10950025\" data-element_type=\"widget\" data-settings=\"{&quot;full_width&quot;:&quot;stretch&quot;,&quot;_position&quot;:&quot;fixed&quot;,&quot;layout&quot;:&quot;horizontal&quot;,&quot;submenu_icon&quot;:{&quot;value&quot;:&quot;&lt;i class=\\&quot;fas fa-caret-down\\&quot;&gt;&lt;\\\/i&gt;&quot;,&quot;library&quot;:&quot;fa-solid&quot;},&quot;toggle&quot;:&quot;burger&quot;}\" data-widget_type=\"nav-menu.default\">\n\t\t\t\t<div class=\"elementor-widget-container\">\n\t\t\t\t\t\t\t\t<nav aria-label=\"Menu\" class=\"elementor-nav-menu--main elementor-nav-menu__container elementor-nav-menu--layout-horizontal e--pointer-overline e--animation-fade\">\n\t\t\t\t<ul id=\"menu-1-10950025\" class=\"elementor-nav-menu\"><li class=\"menu-item menu-item-type-post_type menu-item-object-page menu-item-has-children menu-item-628\"><a href=\"https:\/\/constanzequartet.com\/home\/bio\/\" class=\"elementor-item\">Bio<\/a>\n<ul class=\"sub-menu elementor-nav-menu--dropdown\">\n\t<li class=\"menu-item menu-item-type-post_type menu-item-object-post menu-item-1303\"><a href=\"https:\/\/constanzequartet.com\/home\/bio\/emeline-pierre\/\" class=\"elementor-sub-item\">Emeline Pierre-Larsen<\/a><\/li>\n\t<li class=\"menu-item menu-item-type-post_type menu-item-object-post menu-item-1302\"><a href=\"https:\/\/constanzequartet.com\/home\/bio\/sara-mayer\/\" class=\"elementor-sub-item\">Sara Mayer<\/a><\/li>\n\t<li class=\"menu-item menu-item-type-post_type menu-item-object-post menu-item-1301\"><a href=\"https:\/\/constanzequartet.com\/home\/bio\/elen-guloyan\/\" class=\"elementor-sub-item\">Hana Hubmer<\/a><\/li>\n\t<li class=\"menu-item menu-item-type-post_type menu-item-object-post menu-item-1300\"><a href=\"https:\/\/constanzequartet.com\/home\/bio\/julia-ammerer-simma\/\" class=\"elementor-sub-item\">Julia Ammerer \u2013 Simma<\/a><\/li>\n<\/ul>\n<\/li>\n<li class=\"menu-item menu-item-type-post_type menu-item-object-page menu-item-627\"><a href=\"https:\/\/constanzequartet.com\/home\/media\/\" class=\"elementor-item\">Media<\/a><\/li>\n<li class=\"menu-item menu-item-type-post_type menu-item-object-page menu-item-624\"><a href=\"https:\/\/constanzequartet.com\/home\/news\/\" class=\"elementor-item\">News \/ Agenda<\/a><\/li>\n<li class=\"menu-item menu-item-type-post_type menu-item-object-page menu-item-626\"><a href=\"https:\/\/constanzequartet.com\/home\/programs\/\" class=\"elementor-item\">Programs<\/a><\/li>\n<li class=\"menu-item menu-item-type-post_type menu-item-object-page menu-item-625\"><a href=\"https:\/\/constanzequartet.com\/home\/contact\/\" class=\"elementor-item\">Contact<\/a><\/li>\n<li class=\"menu-item menu-item-type-custom menu-item-object-custom menu-item-1436\"><a href=\"#pll_switcher\" class=\"elementor-item elementor-item-anchor\">Languages<\/a><\/li>\n<\/ul>\t\t\t<\/nav>\n\t\t\t\t\t<div class=\"elementor-menu-toggle\" role=\"button\" tabindex=\"0\" aria-label=\"Menu Toggle\" aria-expanded=\"false\">\n\t\t\t<i aria-hidden=\"true\" role=\"presentation\" class=\"elementor-menu-toggle__icon--open eicon-menu-bar\"><\/i><i aria-hidden=\"true\" role=\"presentation\" class=\"elementor-menu-toggle__icon--close eicon-close\"><\/i>\t\t<\/div>\n\t\t\t\t\t<nav class=\"elementor-nav-menu--dropdown elementor-nav-menu__container\" aria-hidden=\"true\">\n\t\t\t\t<ul id=\"menu-2-10950025\" class=\"elementor-nav-menu\"><li class=\"menu-item menu-item-type-post_type menu-item-object-page menu-item-has-children menu-item-628\"><a href=\"https:\/\/constanzequartet.com\/home\/bio\/\" class=\"elementor-item\" tabindex=\"-1\">Bio<\/a>\n<ul class=\"sub-menu elementor-nav-menu--dropdown\">\n\t<li class=\"menu-item menu-item-type-post_type menu-item-object-post menu-item-1303\"><a href=\"https:\/\/constanzequartet.com\/home\/bio\/emeline-pierre\/\" class=\"elementor-sub-item\" tabindex=\"-1\">Emeline Pierre-Larsen<\/a><\/li>\n\t<li class=\"menu-item menu-item-type-post_type menu-item-object-post menu-item-1302\"><a href=\"https:\/\/constanzequartet.com\/home\/bio\/sara-mayer\/\" class=\"elementor-sub-item\" tabindex=\"-1\">Sara Mayer<\/a><\/li>\n\t<li class=\"menu-item menu-item-type-post_type menu-item-object-post menu-item-1301\"><a href=\"https:\/\/constanzequartet.com\/home\/bio\/elen-guloyan\/\" class=\"elementor-sub-item\" tabindex=\"-1\">Hana Hubmer<\/a><\/li>\n\t<li class=\"menu-item menu-item-type-post_type menu-item-object-post menu-item-1300\"><a href=\"https:\/\/constanzequartet.com\/home\/bio\/julia-ammerer-simma\/\" class=\"elementor-sub-item\" tabindex=\"-1\">Julia Ammerer \u2013 Simma<\/a><\/li>\n<\/ul>\n<\/li>\n<li class=\"menu-item menu-item-type-post_type menu-item-object-page menu-item-627\"><a href=\"https:\/\/constanzequartet.com\/home\/media\/\" class=\"elementor-item\" tabindex=\"-1\">Media<\/a><\/li>\n<li class=\"menu-item menu-item-type-post_type menu-item-object-page menu-item-624\"><a href=\"https:\/\/constanzequartet.com\/home\/news\/\" class=\"elementor-item\" tabindex=\"-1\">News \/ Agenda<\/a><\/li>\n<li class=\"menu-item menu-item-type-post_type menu-item-object-page menu-item-626\"><a href=\"https:\/\/constanzequartet.com\/home\/programs\/\" class=\"elementor-item\" tabindex=\"-1\">Programs<\/a><\/li>\n<li class=\"menu-item menu-item-type-post_type menu-item-object-page menu-item-625\"><a href=\"https:\/\/constanzequartet.com\/home\/contact\/\" class=\"elementor-item\" tabindex=\"-1\">Contact<\/a><\/li>\n<li class=\"menu-item menu-item-type-custom menu-item-object-custom menu-item-1436\"><a href=\"#pll_switcher\" class=\"elementor-item elementor-item-anchor\" tabindex=\"-1\">Languages<\/a><\/li>\n<\/ul>\t\t\t<\/nav>\n\t\t\t\t\t\t<\/div>\n\t\t\t\t<\/div>\n\t\t\t\t<div class=\"elementor-element elementor-element-b579239 animated-slow elementor-fixed elementor-invisible elementor-widget elementor-widget-image\" data-id=\"b579239\" data-element_type=\"widget\" data-settings=\"{&quot;_animation&quot;:&quot;fadeIn&quot;,&quot;_animation_delay&quot;:5,&quot;_position&quot;:&quot;fixed&quot;}\" data-widget_type=\"image.default\">\n\t\t\t\t<div class=\"elementor-widget-container\">\n\t\t\t\t\t\t\t\t\t\t\t\t\t\t\t\t<a href=\"https:\/\/constanzequartet.com\/home\/\">\n\t\t\t\t\t\t\t<img fetchpriority=\"high\" decoding=\"async\" width=\"768\" height=\"165\" src=\"https:\/\/constanzequartet.com\/home\/wp-content\/uploads\/2022\/11\/LOGO-CONSTANZE-2022-TRANS_Mesa-de-trabajo-1-768x165.png\" class=\"attachment-medium_large size-medium_large wp-image-594\" alt=\"\" srcset=\"https:\/\/constanzequartet.com\/home\/wp-content\/uploads\/2022\/11\/LOGO-CONSTANZE-2022-TRANS_Mesa-de-trabajo-1-768x165.png 768w, https:\/\/constanzequartet.com\/home\/wp-content\/uploads\/2022\/11\/LOGO-CONSTANZE-2022-TRANS_Mesa-de-trabajo-1-300x65.png 300w, https:\/\/constanzequartet.com\/home\/wp-content\/uploads\/2022\/11\/LOGO-CONSTANZE-2022-TRANS_Mesa-de-trabajo-1-1024x221.png 1024w, https:\/\/constanzequartet.com\/home\/wp-content\/uploads\/2022\/11\/LOGO-CONSTANZE-2022-TRANS_Mesa-de-trabajo-1-1536x331.png 1536w, https:\/\/constanzequartet.com\/home\/wp-content\/uploads\/2022\/11\/LOGO-CONSTANZE-2022-TRANS_Mesa-de-trabajo-1-2048x441.png 2048w\" sizes=\"(max-width: 768px) 100vw, 768px\" \/>\t\t\t\t\t\t\t\t<\/a>\n\t\t\t\t\t\t\t\t\t\t\t\t\t\t\t<\/div>\n\t\t\t\t<\/div>\n\t\t\t\t<div class=\"elementor-element elementor-element-752be47b elementor-widget elementor-widget-spacer\" data-id=\"752be47b\" data-element_type=\"widget\" data-widget_type=\"spacer.default\">\n\t\t\t\t<div class=\"elementor-widget-container\">\n\t\t\t\t\t\t\t<div class=\"elementor-spacer\">\n\t\t\t<div class=\"elementor-spacer-inner\"><\/div>\n\t\t<\/div>\n\t\t\t\t\t\t<\/div>\n\t\t\t\t<\/div>\n\t\t\t\t<div class=\"elementor-element elementor-element-20662d68 elementor-widget elementor-widget-heading\" data-id=\"20662d68\" data-element_type=\"widget\" data-widget_type=\"heading.default\">\n\t\t\t\t<div class=\"elementor-widget-container\">\n\t\t\t\t\t<h2 class=\"elementor-heading-title elementor-size-small\">El cuarteto<\/h2>\t\t\t\t<\/div>\n\t\t\t\t<\/div>\n\t\t\t\t<div class=\"elementor-element elementor-element-c5f9c9a elementor-widget elementor-widget-text-editor\" data-id=\"c5f9c9a\" data-element_type=\"widget\" data-widget_type=\"text-editor.default\">\n\t\t\t\t<div class=\"elementor-widget-container\">\n\t\t\t\t\t\t\t\t\t<p data-start=\"1307\" data-end=\"1679\">Los caminos musicales de las cuatro integrantes del Cuarteto Constanze, procedentes de distintos pa\u00edses y continentes, confluyeron en la peque\u00f1a pero mundialmente \u00fanica metr\u00f3polis musical de Salzburgo. La ciudad natal de Mozart se convirti\u00f3 para estas cuatro m\u00fasicas de Francia, Australia y Austria en el terreno art\u00edstico ideal para desarrollar un lenguaje musical com\u00fan.<\/p><p data-start=\"1681\" data-end=\"2186\">Cabe destacar su colaboraci\u00f3n con el sello discogr\u00e1fico alem\u00e1n CPO, que las contrat\u00f3 para realizar la primera grabaci\u00f3n completa de los cuartetos de cuerda del compositor alem\u00e1n del Romanticismo tard\u00edo Felix Draeseke, una producci\u00f3n que tuvo gran \u00e9xito. Posteriormente siguieron las grabaciones de la obra completa para cuarteto de cuerda de Michael Haydn, as\u00ed como la primera grabaci\u00f3n integral de los cuartetos y quintetos rom\u00e1nticos de cuerda de la compositora Emilie Mayer, contempor\u00e1nea de Beethoven.<\/p><p data-start=\"2188\" data-end=\"2451\">El repertorio del conjunto abarca todos los estilos, aunque con un enfoque especial en compositores y compositoras poco conocidos de \u00e9pocas pasadas. El Cuarteto Constanze es invitado con regularidad a realizar giras y participar en festivales en Europa y Am\u00e9rica.<\/p>\t\t\t\t\t\t\t\t<\/div>\n\t\t\t\t<\/div>\n\t\t\t\t<div class=\"elementor-element elementor-element-2cdfdc74 elementor-widget elementor-widget-heading\" data-id=\"2cdfdc74\" data-element_type=\"widget\" data-widget_type=\"heading.default\">\n\t\t\t\t<div class=\"elementor-widget-container\">\n\t\t\t\t\t<h2 class=\"elementor-heading-title elementor-size-small\">Biograf\u00edas<\/h2>\t\t\t\t<\/div>\n\t\t\t\t<\/div>\n\t\t\t\t<div class=\"elementor-element elementor-element-89b4fba elementor-grid-4 animated-slow elementor-grid-tablet-4 elementor-grid-mobile-2 elementor-invisible elementor-widget elementor-widget-global elementor-global-1173 elementor-widget-portfolio\" data-id=\"89b4fba\" data-element_type=\"widget\" data-settings=\"{&quot;columns&quot;:&quot;4&quot;,&quot;item_ratio&quot;:{&quot;unit&quot;:&quot;px&quot;,&quot;size&quot;:1.3,&quot;sizes&quot;:[]},&quot;_animation&quot;:&quot;fadeIn&quot;,&quot;motion_fx_motion_fx_mouse&quot;:&quot;yes&quot;,&quot;motion_fx_tilt_effect&quot;:&quot;yes&quot;,&quot;motion_fx_tilt_speed&quot;:{&quot;unit&quot;:&quot;px&quot;,&quot;size&quot;:1.2,&quot;sizes&quot;:[]},&quot;_animation_delay&quot;:5,&quot;columns_tablet&quot;:&quot;4&quot;,&quot;columns_mobile&quot;:&quot;2&quot;,&quot;item_gap&quot;:{&quot;unit&quot;:&quot;px&quot;,&quot;size&quot;:&quot;&quot;,&quot;sizes&quot;:[]},&quot;row_gap&quot;:{&quot;unit&quot;:&quot;px&quot;,&quot;size&quot;:&quot;&quot;,&quot;sizes&quot;:[]}}\" data-widget_type=\"portfolio.default\">\n\t\t\t\t<div class=\"elementor-widget-container\">\n\t\t\t\t\t\t\t<div class=\"elementor-portfolio elementor-grid elementor-posts-container\" role=\"list\">\n\t\t\t\t<article class=\"elementor-portfolio-item elementor-post  post-189 post type-post status-publish format-standard has-post-thumbnail hentry category-bio\" role=\"listitem\">\n\t\t\t<a class=\"elementor-post__thumbnail__link\" href=\"https:\/\/constanzequartet.com\/home\/bio\/emeline-pierre\/\">\n\t\t\t\t<div class=\"elementor-portfolio-item__img elementor-post__thumbnail\">\n\t\t\t<img decoding=\"async\" width=\"768\" height=\"1151\" src=\"https:\/\/constanzequartet.com\/home\/wp-content\/uploads\/2022\/11\/Emeline-768x1151.jpg\" class=\"attachment-medium_large size-medium_large wp-image-2261\" alt=\"\" srcset=\"https:\/\/constanzequartet.com\/home\/wp-content\/uploads\/2022\/11\/Emeline-768x1151.jpg 768w, https:\/\/constanzequartet.com\/home\/wp-content\/uploads\/2022\/11\/Emeline-200x300.jpg 200w, https:\/\/constanzequartet.com\/home\/wp-content\/uploads\/2022\/11\/Emeline-683x1024.jpg 683w, https:\/\/constanzequartet.com\/home\/wp-content\/uploads\/2022\/11\/Emeline-1025x1536.jpg 1025w, https:\/\/constanzequartet.com\/home\/wp-content\/uploads\/2022\/11\/Emeline-1366x2048.jpg 1366w, https:\/\/constanzequartet.com\/home\/wp-content\/uploads\/2022\/11\/Emeline-scaled.jpg 1708w\" sizes=\"(max-width: 768px) 100vw, 768px\" \/>\t\t<\/div>\n\t\t\t\t<div class=\"elementor-portfolio-item__overlay\">\n\t\t\t\t<h3 class=\"elementor-portfolio-item__title\">\n\t\tEmeline Pierre-Larsen\t\t<\/h3>\n\t\t\t\t<\/div>\n\t\t\t\t<\/a>\n\t\t<\/article>\n\t\t\t\t<article class=\"elementor-portfolio-item elementor-post  post-1037 post type-post status-publish format-standard has-post-thumbnail hentry category-bio\" role=\"listitem\">\n\t\t\t<a class=\"elementor-post__thumbnail__link\" href=\"https:\/\/constanzequartet.com\/home\/bio\/sara-mayer\/\">\n\t\t\t\t<div class=\"elementor-portfolio-item__img elementor-post__thumbnail\">\n\t\t\t<img decoding=\"async\" width=\"768\" height=\"1151\" src=\"https:\/\/constanzequartet.com\/home\/wp-content\/uploads\/2022\/11\/Sara-768x1151.jpg\" class=\"attachment-medium_large size-medium_large wp-image-2300\" alt=\"\" srcset=\"https:\/\/constanzequartet.com\/home\/wp-content\/uploads\/2022\/11\/Sara-768x1151.jpg 768w, https:\/\/constanzequartet.com\/home\/wp-content\/uploads\/2022\/11\/Sara-200x300.jpg 200w, https:\/\/constanzequartet.com\/home\/wp-content\/uploads\/2022\/11\/Sara-683x1024.jpg 683w, https:\/\/constanzequartet.com\/home\/wp-content\/uploads\/2022\/11\/Sara-1025x1536.jpg 1025w, https:\/\/constanzequartet.com\/home\/wp-content\/uploads\/2022\/11\/Sara-1366x2048.jpg 1366w, https:\/\/constanzequartet.com\/home\/wp-content\/uploads\/2022\/11\/Sara-scaled.jpg 1708w\" sizes=\"(max-width: 768px) 100vw, 768px\" \/>\t\t<\/div>\n\t\t\t\t<div class=\"elementor-portfolio-item__overlay\">\n\t\t\t\t<h3 class=\"elementor-portfolio-item__title\">\n\t\tSara Mayer\t\t<\/h3>\n\t\t\t\t<\/div>\n\t\t\t\t<\/a>\n\t\t<\/article>\n\t\t\t\t<article class=\"elementor-portfolio-item elementor-post  post-202 post type-post status-publish format-standard has-post-thumbnail hentry category-bio\" role=\"listitem\">\n\t\t\t<a class=\"elementor-post__thumbnail__link\" href=\"https:\/\/constanzequartet.com\/home\/bio\/elen-guloyan\/\">\n\t\t\t\t<div class=\"elementor-portfolio-item__img elementor-post__thumbnail\">\n\t\t\t<img loading=\"lazy\" decoding=\"async\" width=\"768\" height=\"1151\" src=\"https:\/\/constanzequartet.com\/home\/wp-content\/uploads\/2022\/11\/Hana-768x1151.jpg\" class=\"attachment-medium_large size-medium_large wp-image-2294\" alt=\"\" srcset=\"https:\/\/constanzequartet.com\/home\/wp-content\/uploads\/2022\/11\/Hana-768x1151.jpg 768w, https:\/\/constanzequartet.com\/home\/wp-content\/uploads\/2022\/11\/Hana-200x300.jpg 200w, https:\/\/constanzequartet.com\/home\/wp-content\/uploads\/2022\/11\/Hana-683x1024.jpg 683w, https:\/\/constanzequartet.com\/home\/wp-content\/uploads\/2022\/11\/Hana-1025x1536.jpg 1025w, https:\/\/constanzequartet.com\/home\/wp-content\/uploads\/2022\/11\/Hana-1366x2048.jpg 1366w, https:\/\/constanzequartet.com\/home\/wp-content\/uploads\/2022\/11\/Hana-scaled.jpg 1708w\" sizes=\"(max-width: 768px) 100vw, 768px\" \/>\t\t<\/div>\n\t\t\t\t<div class=\"elementor-portfolio-item__overlay\">\n\t\t\t\t<h3 class=\"elementor-portfolio-item__title\">\n\t\tHana Hubmer\t\t<\/h3>\n\t\t\t\t<\/div>\n\t\t\t\t<\/a>\n\t\t<\/article>\n\t\t\t\t<article class=\"elementor-portfolio-item elementor-post  post-204 post type-post status-publish format-standard has-post-thumbnail hentry category-bio\" role=\"listitem\">\n\t\t\t<a class=\"elementor-post__thumbnail__link\" href=\"https:\/\/constanzequartet.com\/home\/bio\/julia-ammerer-simma\/\">\n\t\t\t\t<div class=\"elementor-portfolio-item__img elementor-post__thumbnail\">\n\t\t\t<img loading=\"lazy\" decoding=\"async\" width=\"768\" height=\"1151\" src=\"https:\/\/constanzequartet.com\/home\/wp-content\/uploads\/2022\/11\/2-768x1151.jpg\" class=\"attachment-medium_large size-medium_large wp-image-2239\" alt=\"\" srcset=\"https:\/\/constanzequartet.com\/home\/wp-content\/uploads\/2022\/11\/2-768x1151.jpg 768w, https:\/\/constanzequartet.com\/home\/wp-content\/uploads\/2022\/11\/2-200x300.jpg 200w, https:\/\/constanzequartet.com\/home\/wp-content\/uploads\/2022\/11\/2-683x1024.jpg 683w, https:\/\/constanzequartet.com\/home\/wp-content\/uploads\/2022\/11\/2-1025x1536.jpg 1025w, https:\/\/constanzequartet.com\/home\/wp-content\/uploads\/2022\/11\/2-1366x2048.jpg 1366w, https:\/\/constanzequartet.com\/home\/wp-content\/uploads\/2022\/11\/2-scaled.jpg 1708w\" sizes=\"(max-width: 768px) 100vw, 768px\" \/>\t\t<\/div>\n\t\t\t\t<div class=\"elementor-portfolio-item__overlay\">\n\t\t\t\t<h3 class=\"elementor-portfolio-item__title\">\n\t\tJulia Ammerer-Simma\t\t<\/h3>\n\t\t\t\t<\/div>\n\t\t\t\t<\/a>\n\t\t<\/article>\n\t\t\t\t<\/div>\n\t\t\t\t\t\t<\/div>\n\t\t\t\t<\/div>\n\t\t\t\t\t<\/div>\n\t\t<\/div>\n\t\t\t\t\t<\/div>\n\t\t<\/section>\n\t\t\t\t<\/div>\n\t\t","protected":false},"excerpt":{"rendered":"<p>El cuarteto Los caminos musicales de las cuatro integrantes del Cuarteto Constanze, procedentes de distintos pa\u00edses y continentes, confluyeron en la peque\u00f1a pero mundialmente \u00fanica metr\u00f3polis musical de Salzburgo. La ciudad natal de Mozart se convirti\u00f3 para estas cuatro m\u00fasicas de Francia, Australia y Austria en el terreno art\u00edstico ideal para desarrollar un lenguaje musical [&hellip;]<\/p>\n","protected":false},"author":1,"featured_media":0,"parent":0,"menu_order":0,"comment_status":"closed","ping_status":"closed","template":"elementor_canvas","meta":{"_acf_changed":false,"_eb_attr":"","footnotes":""},"class_list":["post-1590","page","type-page","status-publish","hentry"],"acf":[],"_links":{"self":[{"href":"https:\/\/constanzequartet.com\/home\/wp-json\/wp\/v2\/pages\/1590","targetHints":{"allow":["GET"]}}],"collection":[{"href":"https:\/\/constanzequartet.com\/home\/wp-json\/wp\/v2\/pages"}],"about":[{"href":"https:\/\/constanzequartet.com\/home\/wp-json\/wp\/v2\/types\/page"}],"author":[{"embeddable":true,"href":"https:\/\/constanzequartet.com\/home\/wp-json\/wp\/v2\/users\/1"}],"replies":[{"embeddable":true,"href":"https:\/\/constanzequartet.com\/home\/wp-json\/wp\/v2\/comments?post=1590"}],"version-history":[{"count":22,"href":"https:\/\/constanzequartet.com\/home\/wp-json\/wp\/v2\/pages\/1590\/revisions"}],"predecessor-version":[{"id":2619,"href":"https:\/\/constanzequartet.com\/home\/wp-json\/wp\/v2\/pages\/1590\/revisions\/2619"}],"wp:attachment":[{"href":"https:\/\/constanzequartet.com\/home\/wp-json\/wp\/v2\/media?parent=1590"}],"curies":[{"name":"wp","href":"https:\/\/api.w.org\/{rel}","templated":true}]}}